{"id":59,"date":"2025-12-21T17:40:34","date_gmt":"2025-12-21T17:40:34","guid":{"rendered":"https:\/\/smc-unit.ro\/wp-content\/about\/"},"modified":"2025-12-21T17:40:34","modified_gmt":"2025-12-21T17:40:34","slug":"about","status":"publish","type":"page","link":"https:\/\/smc-unit.ro\/wp-content\/about\/","title":{"rendered":"About"},"content":{"rendered":"\n\n\n\n\n\n\n<h2>Influen\u021b\u0103m standardele de securitate pentru case \u0219i afaceri, oferind solu\u021bii personalizate \u0219i eficiente.<\/h2>\n\n<p>La Security S.M.C. UNIT, ne dedic\u0103m s\u0103 asigur\u0103m un mediu sigur pentru fiecare client. Misiunea noastr\u0103 este s\u0103 protej\u0103m ceea ce conteaz\u0103 cel mai mult pentru dumneavoastr\u0103, prin inova\u021bie \u0219i profesionalism continuu.<\/p>\n<p>V\u0103 garant\u0103m c\u0103 binele dumneavoastr\u0103 este prioritatea noastr\u0103. Exper\u021bii no\u0219tri sunt aici s\u0103 ofere cele mai bune solu\u021bii de securitate disponibile.<\/p>\n\n\n\n\n\n<h2>Formular de Contact<\/h2>\n\n\n\n\n\n\n\n\n\n\n\n\n\n\n\n\n<h2>M\u0103rturii ale Clien\u021bilor Satisf\u0103cu\u021bi<\/h2>\n\n\n\n\n<p>\u201cSecurity S.M.C. UNIT a fost esen\u021bial\u0103 \u00een asigurarea securit\u0103\u021bii biroului nostru. Servicii excelente!\u201d<\/p>\n\n\n\n\n\n\n<p>\u201cSunt extrem de mul\u021bumit de sistemele implementate. Recomand cu \u00eencredere!\u201d<\/p>\n\n\n\n\n\n\n<p>\u201cEchipa de profesioni\u0219ti m-a ajutat s\u0103-mi protejez familia \u0219i casa. Mul\u021bumim!\u201d<\/p>\n\n\n\n\n\n\n\n\n\n\n\n\n\n\n\n\n\n\n\n\n\n\n\n\n\n<h2>Portfolio<\/h2>\n\n\n\n","protected":false},"excerpt":{"rendered":"","protected":false},"author":1,"featured_media":0,"parent":0,"menu_order":0,"comment_status":"closed","ping_status":"closed","template":"","meta":{"pagelayer_contact_templates":[],"_pagelayer_content":"","footnotes":""},"class_list":["post-59","page","type-page","status-publish","hentry"],"_links":{"self":[{"href":"https:\/\/smc-unit.ro\/wp-content\/wp-json\/wp\/v2\/pages\/59","targetHints":{"allow":["GET"]}}],"collection":[{"href":"https:\/\/smc-unit.ro\/wp-content\/wp-json\/wp\/v2\/pages"}],"about":[{"href":"https:\/\/smc-unit.ro\/wp-content\/wp-json\/wp\/v2\/types\/page"}],"author":[{"embeddable":true,"href":"https:\/\/smc-unit.ro\/wp-content\/wp-json\/wp\/v2\/users\/1"}],"replies":[{"embeddable":true,"href":"https:\/\/smc-unit.ro\/wp-content\/wp-json\/wp\/v2\/comments?post=59"}],"version-history":[{"count":0,"href":"https:\/\/smc-unit.ro\/wp-content\/wp-json\/wp\/v2\/pages\/59\/revisions"}],"wp:attachment":[{"href":"https:\/\/smc-unit.ro\/wp-content\/wp-json\/wp\/v2\/media?parent=59"}],"curies":[{"name":"wp","href":"https:\/\/api.w.org\/{rel}","templated":true}]}}