{"id":60,"date":"2025-12-21T17:40:34","date_gmt":"2025-12-21T17:40:34","guid":{"rendered":"https:\/\/smc-unit.ro\/wp-content\/contact\/"},"modified":"2025-12-21T17:40:34","modified_gmt":"2025-12-21T17:40:34","slug":"contact","status":"publish","type":"page","link":"https:\/\/smc-unit.ro\/wp-content\/contact\/","title":{"rendered":"Contact"},"content":{"rendered":"\n\n\n<h2>\u00centreba\u021bi-ne orice<\/h2>\n\n\n\n\n\n\n\n\n\n\n\n\n\n\n\n\n\n\n\n\n<h3>Formular de Contact<\/h3>\n\n<p>V\u0103 rug\u0103m s\u0103 ne contacta\u021bi pentru \u00eentreb\u0103ri sau oferte de servicii.<\/p>\n\n\n\n\n\n\n\n\n\n\n\n\n\n\n<h3>\u00centreba\u021bi-ne orice<\/h3>\n\nNewyork\n\n\n\n","protected":false},"excerpt":{"rendered":"","protected":false},"author":1,"featured_media":0,"parent":0,"menu_order":0,"comment_status":"closed","ping_status":"closed","template":"","meta":{"pagelayer_contact_templates":[],"_pagelayer_content":"","footnotes":""},"class_list":["post-60","page","type-page","status-publish","hentry"],"_links":{"self":[{"href":"https:\/\/smc-unit.ro\/wp-content\/wp-json\/wp\/v2\/pages\/60","targetHints":{"allow":["GET"]}}],"collection":[{"href":"https:\/\/smc-unit.ro\/wp-content\/wp-json\/wp\/v2\/pages"}],"about":[{"href":"https:\/\/smc-unit.ro\/wp-content\/wp-json\/wp\/v2\/types\/page"}],"author":[{"embeddable":true,"href":"https:\/\/smc-unit.ro\/wp-content\/wp-json\/wp\/v2\/users\/1"}],"replies":[{"embeddable":true,"href":"https:\/\/smc-unit.ro\/wp-content\/wp-json\/wp\/v2\/comments?post=60"}],"version-history":[{"count":0,"href":"https:\/\/smc-unit.ro\/wp-content\/wp-json\/wp\/v2\/pages\/60\/revisions"}],"wp:attachment":[{"href":"https:\/\/smc-unit.ro\/wp-content\/wp-json\/wp\/v2\/media?parent=60"}],"curies":[{"name":"wp","href":"https:\/\/api.w.org\/{rel}","templated":true}]}}